{"id":168,"date":"2020-05-16T15:12:50","date_gmt":"2020-05-16T13:12:50","guid":{"rendered":"https:\/\/shop.hethis.de\/?post_type=product&#038;p=168"},"modified":"2024-08-14T22:36:40","modified_gmt":"2024-08-14T20:36:40","slug":"hlq-mr-e-lichtfarbe-neutralweiss-usb-steckernetzteil","status":"publish","type":"product","link":"https:\/\/shop.hethis.de\/index.php\/produkt\/hlq-mr-e-lichtfarbe-neutralweiss-usb-steckernetzteil\/","title":{"rendered":"HLQ MR\/E &#8211; Lichtfarbe: Neutralwei\u00df + usb-Steckernetzteil"},"content":{"rendered":"<p>Die HLQ MRE ist eine LED-basierte, flickerfreie und energieeffiziente, wei\u00dfe (ca. 400nm-750nm) Lichtquelle in schwerer Ausf\u00fchrung f\u00fcr die Auflichtmikroskopie.<\/p>\n<p>Der Entwicklung der HLQ MR\/E wurden zwei Leitfragen vorangestellt: 1. Wie radikal kann eine Mikroskopielichtquelle reduziert werden? 2. Welche Ma\u00dfnahmen k\u00f6nnen unternommen werden, um den \u00f6kologischen Fu\u00dfabdruck zu minimieren?<br \/>\nDas Ergebnis stellt die HLQ MR\/E dar &#8211; dabei steht MR f\u00fcr maximal reduziert und E in erster Linie f\u00fcr Ecology aber auch f\u00fcr Economy.<\/p>\n<p>Das Geh\u00e4use der HLQ MR\/E ist materialsparend in einer einfachen und offenen Sandwichkonstruktion aus recycelter Aluminiumverbundplatte\u00b9 (z.B von Schildern oder aus dem Messebau) und einem Standardgewicht aus Gusseisen aufgebaut. Dank dieses maximal reduzierten und damit Resourcen schonenden Geh\u00e4uses kann die Lichtquelle zu einem extrem g\u00fcnstigen Preis angeboten werden.<\/p>\n<p>Die eingesetzen und sehr hochwertigen Metallschl\u00e4uche (Schwanenh\u00e4lse) werden von einem Unternehmen in NRW (kurze Verkehrswege) gefertigt. Mit 60cm L\u00e4nge bieten diese genug Flexibilit\u00e4t f\u00fcr jeden Labortisch. Der Durchmesser des Emitters betr\u00e4gt nur 10mm und kann daher sehr nahe am Objekt platziert werden ohne das Blickfeld zu behindern.<\/p>\n<p>Die emittierte Lichtmenge von ca. 30 Lumen ist f\u00fcr die meisten Eins\u00e4tze reichlich bemessen. Die Lichtst\u00e4rke betr\u00e4gt bei einem Abstand von 30mm ca. 12500 Lux, bei einem Abstand von 50mm ca. 7100 Lux und bei einm Abstand von 100mm ca. 3000 Lux. Die Peakwellenl\u00e4nge liegt bei 450nm, was eine hohe optische Aufl\u00f6sung beg\u00fcnstigt.<br \/>\nOptional (Aufpreis von 5,95 EUR) kann diese Lichtquelle mit einem spritzwassergesch\u00fctztem Emitter ausgestattet werden &#8211; dieser ist bei der Beleuchtung aquatischer Pr\u00e4parate aus n\u00e4chster N\u00e4he sinnvoll, bei gr\u00f6\u00dferem Abstand erscheint der Lichtfleck jedoch inhomogener als beim Standardemitter.<\/p>\n<p>Eine aktive K\u00fchlung ist nicht notwendig, die Lichtquelle ist 100% ger\u00e4uschlos und erzeugt keine Luftverwirbelungen. Die maximale W\u00e4rmeleistung am Emitter betr\u00e4gt &lt; 0,2W &#8211; eine<br \/>\nsignifikante Objekterw\u00e4rmung wird ausgeschlossen.<\/p>\n<p>Keine Emission hoch- oder niederfrequenter elektromagnetischer Strahlung.<\/p>\n<p>Stromversorgung per usb-Anschluss (max. 90mA).<\/p>\n<p>\u00b9) Da gebrauchtes Material eingesetzt wird, kann dieses leichte Kratzer oder Verf\u00e4rbungen auf der Oberfl\u00e4che aufweisen.<\/p>\n","protected":false},"excerpt":{"rendered":"<p>Bundle aus HLQ MR\/E Lichtquelle (hethis.de) und passendem usb-Steckernetzteil (goobay o.\u00e4.) zum Vorteilspreis.<\/p>\n","protected":false},"featured_media":169,"template":"","meta":[],"product_brand":[],"product_cat":[34],"product_tag":[],"class_list":{"0":"post-168","1":"product","2":"type-product","3":"status-publish","4":"has-post-thumbnail","6":"product_cat-klq","8":"first","9":"instock","10":"taxable","11":"shipping-taxable","12":"purchasable","13":"product-type-variable"},"_links":{"self":[{"href":"https:\/\/shop.hethis.de\/index.php\/wp-json\/wp\/v2\/product\/168","targetHints":{"allow":["GET"]}}],"collection":[{"href":"https:\/\/shop.hethis.de\/index.php\/wp-json\/wp\/v2\/product"}],"about":[{"href":"https:\/\/shop.hethis.de\/index.php\/wp-json\/wp\/v2\/types\/product"}],"wp:featuredmedia":[{"embeddable":true,"href":"https:\/\/shop.hethis.de\/index.php\/wp-json\/wp\/v2\/media\/169"}],"wp:attachment":[{"href":"https:\/\/shop.hethis.de\/index.php\/wp-json\/wp\/v2\/media?parent=168"}],"wp:term":[{"taxonomy":"product_brand","embeddable":true,"href":"https:\/\/shop.hethis.de\/index.php\/wp-json\/wp\/v2\/product_brand?post=168"},{"taxonomy":"product_cat","embeddable":true,"href":"https:\/\/shop.hethis.de\/index.php\/wp-json\/wp\/v2\/product_cat?post=168"},{"taxonomy":"product_tag","embeddable":true,"href":"https:\/\/shop.hethis.de\/index.php\/wp-json\/wp\/v2\/product_tag?post=168"}],"curies":[{"name":"wp","href":"https:\/\/api.w.org\/{rel}","templated":true}]}}