{"id":153,"date":"2018-09-14T23:14:13","date_gmt":"2018-09-14T21:14:13","guid":{"rendered":"https:\/\/shop.hethis.de\/?post_type=product&#038;p=153"},"modified":"2022-07-02T02:10:13","modified_gmt":"2022-07-02T00:10:13","slug":"mikroskopielichtquelle-hlq-3-powerplus-neutralweiss","status":"publish","type":"product","link":"https:\/\/shop.hethis.de\/index.php\/produkt\/mikroskopielichtquelle-hlq-3-powerplus-neutralweiss\/","title":{"rendered":"Mikroskopielichtquelle HLQ 3 Powerplus"},"content":{"rendered":"<p><img loading=\"lazy\" decoding=\"async\" class=\"alignnone size-medium wp-image-136\" src=\"https:\/\/shop.hethis.de\/wp-content\/uploads\/2018\/03\/HLQ3_Prod_pic-220x300.jpg\" alt=\"\" width=\"220\" height=\"300\" srcset=\"https:\/\/shop.hethis.de\/wp-content\/uploads\/2018\/03\/HLQ3_Prod_pic-220x300.jpg 220w, https:\/\/shop.hethis.de\/wp-content\/uploads\/2018\/03\/HLQ3_Prod_pic-768x1047.jpg 768w, https:\/\/shop.hethis.de\/wp-content\/uploads\/2018\/03\/HLQ3_Prod_pic-751x1024.jpg 751w, https:\/\/shop.hethis.de\/wp-content\/uploads\/2018\/03\/HLQ3_Prod_pic-416x567.jpg 416w, https:\/\/shop.hethis.de\/wp-content\/uploads\/2018\/03\/HLQ3_Prod_pic.jpg 1100w\" sizes=\"auto, (max-width: 220px) 100vw, 220px\" \/>Die HLQ 3 Powerplus ist eine kompakte, LED-basierte, flickerfreie und energieeffiziente, wei\u00dflichtige (ca. 400nm-750nm) Kaltlichtquelle in extra schwerer Ausf\u00fchrung mit sehr hochwertigem Vollaluminiumgeh\u00e4use und besonders geeignet f\u00fcr die Auflichtmikroskopie. Erh\u00e4ltlich mit neutralwei\u00dfer (5000K) oder warmwei\u00dfer (2700) Lichtfarbe.<\/p>\n<p>Diese Lichtquelle ist ideal f\u00fcr die Kursraumausstattung, den allt\u00e4glichen Einsatz im Labor und in EMV-sensiblen Umfeldern (z.B. Elektrophysiologie).<\/p>\n<p>Zwei flexible, 60cm lange Metallschl\u00e4uche mit je einem Emitter von 12mm Durchmesser erm\u00f6glichen verschattungsfreie Beleuchtung f\u00fcr jeden Labortisch.<\/p>\n<p>Die maximale W\u00e4rmeleistung je Emitter betr\u00e4gt &lt; 0,5W &#8211; eine signifikante<br \/>\nObjekterw\u00e4rmung wird ausgeschlossen.<\/p>\n<p>Die Lichtabgabe ist absolut flickerfrei und wird auch bei Dimmung<br \/>\nnicht gepulst. Die Peakwellenl\u00e4nge liegt bei 450nm, was eine hohe<br \/>\noptische Aufl\u00f6sung beg\u00fcnstigt.<\/p>\n<p>Eine aktive K\u00fchlung ist nicht notwendig, die Lichtquelle ist 100% ger\u00e4uschlos und erzeugt keine Luftverwirbelungen.<\/p>\n<p>Die mit dem Powerplusemitter emittierte Lichtmenge (neutralwei\u00df) ist etwa dreimal so gro\u00df wie ber der Standardversion, das Lichtfeld sehr homogen. Die Lichtst\u00e4rke der kombinierten Emitter betr\u00e4gt bei einem Abstand von 50mm maximal ca. 50000 Lux und bei 100mm Abstand maximal ca. 20000 Lux.<\/p>\n<p>Keine Emission hoch- oder niederfrequenter elektromagnetischer Strahlung.<\/p>\n<p>Stromversorgung: 9V\/max. 200mA Gleichstrom \u00fcber 2,1mm Hohlstecker (230V Steckernetzteil optional).<\/p>\n<p>Der pl\u00f6tzliche Ausfall eines Leuchtmittels ist weitgehend ausgeschlossen.<\/p>\n","protected":false},"excerpt":{"rendered":"<p>Die HLQ3 Powerplus ist eine extra helle Lichtquelle im Aluminiumgeh\u00e4use f\u00fcr die Auflichtmikroskopie mit zwei, 60cm langen flexiblen Metallschl\u00e4uchen (Schwanenh\u00e4lsen) zur verschattugsfreien Beleuchtung.<\/p>\n<p>Lieferung <strong>ohne<\/strong> Netzteil (ben\u00f6tigt 9V Gleichspannung \u00fcber 2,1mm Hohlstecker)<\/p>\n<p><a href=\"https:\/\/www.hethis.de\/produkte_de\/hlq3.html\">Beschreibung der HLQ3 Powerplus<\/a><\/p>\n","protected":false},"featured_media":193,"template":"","meta":[],"product_brand":[],"product_cat":[34],"product_tag":[],"class_list":{"0":"post-153","1":"product","2":"type-product","3":"status-publish","4":"has-post-thumbnail","6":"product_cat-klq","8":"first","9":"instock","10":"taxable","11":"shipping-taxable","12":"purchasable","13":"product-type-variable"},"_links":{"self":[{"href":"https:\/\/shop.hethis.de\/index.php\/wp-json\/wp\/v2\/product\/153","targetHints":{"allow":["GET"]}}],"collection":[{"href":"https:\/\/shop.hethis.de\/index.php\/wp-json\/wp\/v2\/product"}],"about":[{"href":"https:\/\/shop.hethis.de\/index.php\/wp-json\/wp\/v2\/types\/product"}],"wp:featuredmedia":[{"embeddable":true,"href":"https:\/\/shop.hethis.de\/index.php\/wp-json\/wp\/v2\/media\/193"}],"wp:attachment":[{"href":"https:\/\/shop.hethis.de\/index.php\/wp-json\/wp\/v2\/media?parent=153"}],"wp:term":[{"taxonomy":"product_brand","embeddable":true,"href":"https:\/\/shop.hethis.de\/index.php\/wp-json\/wp\/v2\/product_brand?post=153"},{"taxonomy":"product_cat","embeddable":true,"href":"https:\/\/shop.hethis.de\/index.php\/wp-json\/wp\/v2\/product_cat?post=153"},{"taxonomy":"product_tag","embeddable":true,"href":"https:\/\/shop.hethis.de\/index.php\/wp-json\/wp\/v2\/product_tag?post=153"}],"curies":[{"name":"wp","href":"https:\/\/api.w.org\/{rel}","templated":true}]}}