{"id":104,"date":"2018-03-06T07:36:19","date_gmt":"2018-03-06T07:36:19","guid":{"rendered":"https:\/\/shop.hethis.de\/?post_type=product&#038;p=104"},"modified":"2022-07-02T02:04:01","modified_gmt":"2022-07-02T00:04:01","slug":"hlq-basic","status":"publish","type":"product","link":"https:\/\/shop.hethis.de\/index.php\/produkt\/hlq-basic\/","title":{"rendered":"HLQ basic &#8211; Lichtfarbe: Neutralwei\u00df"},"content":{"rendered":"<p>Die HLQ basic ist eine LED-basierte, flickerfreie und energieeffiziente, wei\u00dfe (ca. 400nm-750nm) Kaltlichtquelle in sehr schwerer Ausf\u00fchrung f\u00fcr die Auflichtmikroskopie. Lieferbar in rotem oder gelbem Vollkunststoffgeh\u00e4use (PS).<br \/>\nDiese Lichtquelle ist ideal f\u00fcr die Kursraumausstattung, den allt\u00e4glichen Einsatz im Labor und in EMV-sensiblen Umfeldern (z.B. Elektrophysiologie).<\/p>\n<p>Ein flexibler Metallschlauch (Schwanenhals) von 60cm L\u00e4nge bietet genug Flexibilit\u00e4t f\u00fcr jeden Labortisch, der Emitterdurchmesser betr\u00e4gt nur 10mm. Der Emitter kann daher nah am Objekt platziert werden ohne das Blickfeld zu behindern.<\/p>\n<p>Die emittierte Lichtmenge von bis \u00fcber 30 Lumen ist f\u00fcr die meisten Eins\u00e4tze reichlich bemessen. Die Lichtst\u00e4rke betr\u00e4gt bei einem Abstand von 30mm ca. 12500 Lux, bei einem Abstand von 50mm ca. 7100 Lux und bei einm Abstand von 100mm ca. 3000 Lux.<\/p>\n<p>Die Lichtabgabe ist absolut flickerfrei und wird auch bei Dimmung nicht gepulst. Die Peakwellenl\u00e4nge liegt bei 450nm, was eine hohe optische Aufl\u00f6sung beg\u00fcnstigt.<\/p>\n<p>Eine aktive K\u00fchlung ist nicht notwendig, die Lichtquelle ist 100% ger\u00e4uschlos und erzeugt keine Luftverwirbelungen.<\/p>\n<p>Die maximale W\u00e4rmeleistung am Emitter betr\u00e4gt &lt; 0,2W &#8211; eine<br \/>\nsignifikante Objekterw\u00e4rmung wird ausgeschlossen.<\/p>\n<p>Keine Emission hoch- oder niederfrequenter elektromagnetischer Strahlung.<\/p>\n<p>Stromversorgung per usb-Anschluss (max. 90mA) (usb-Netzteil optional).<\/p>\n<p>Der pl\u00f6tzliche Ausfall eines Leuchtmittels ist weitgehend ausgeschlossen.<\/p>\n","protected":false},"excerpt":{"rendered":"<p>HLQ basic &#8211; Lichtquelle im Vollkuststoffgeh\u00e4use.<\/p>\n<p>Stromversorgung via usb-Anschluss. Lieferung <strong>ohne<\/strong> Netzteil.<\/p>\n","protected":false},"featured_media":192,"template":"","meta":[],"product_brand":[],"product_cat":[34],"product_tag":[],"class_list":{"0":"post-104","1":"product","2":"type-product","3":"status-publish","4":"has-post-thumbnail","6":"product_cat-klq","8":"first","9":"instock","10":"taxable","11":"shipping-taxable","12":"purchasable","13":"product-type-variable"},"_links":{"self":[{"href":"https:\/\/shop.hethis.de\/index.php\/wp-json\/wp\/v2\/product\/104","targetHints":{"allow":["GET"]}}],"collection":[{"href":"https:\/\/shop.hethis.de\/index.php\/wp-json\/wp\/v2\/product"}],"about":[{"href":"https:\/\/shop.hethis.de\/index.php\/wp-json\/wp\/v2\/types\/product"}],"wp:featuredmedia":[{"embeddable":true,"href":"https:\/\/shop.hethis.de\/index.php\/wp-json\/wp\/v2\/media\/192"}],"wp:attachment":[{"href":"https:\/\/shop.hethis.de\/index.php\/wp-json\/wp\/v2\/media?parent=104"}],"wp:term":[{"taxonomy":"product_brand","embeddable":true,"href":"https:\/\/shop.hethis.de\/index.php\/wp-json\/wp\/v2\/product_brand?post=104"},{"taxonomy":"product_cat","embeddable":true,"href":"https:\/\/shop.hethis.de\/index.php\/wp-json\/wp\/v2\/product_cat?post=104"},{"taxonomy":"product_tag","embeddable":true,"href":"https:\/\/shop.hethis.de\/index.php\/wp-json\/wp\/v2\/product_tag?post=104"}],"curies":[{"name":"wp","href":"https:\/\/api.w.org\/{rel}","templated":true}]}}