{"id":101,"date":"2018-03-09T23:03:44","date_gmt":"2018-03-09T22:03:44","guid":{"rendered":"https:\/\/shop.hethis.de\/?post_type=product&#038;p=101"},"modified":"2021-01-01T01:26:46","modified_gmt":"2021-01-01T00:26:46","slug":"standardemitter-konfektioniert-fuer-5-vdc","status":"publish","type":"product","link":"https:\/\/shop.hethis.de\/index.php\/produkt\/standardemitter-konfektioniert-fuer-5-vdc\/","title":{"rendered":"Standardemitter &#8211; konfektioniert f\u00fcr 5 VDC"},"content":{"rendered":"<p>Standardemitter &#8211; eine sehr helle neutralwei\u00dfe Marken-LED im offenen hochgl\u00e4nzendem Reflektor.<\/p>\n<p>Konfektioniert f\u00fcr den Betrieb an 5 VDC\/80mA, \u00a0 Lichtstrom &gt;30 Lm.<\/p>\n","protected":false},"excerpt":{"rendered":"<p>Standardemitter &#8211; LED im Reflektor (M8 Feingewinde),<br \/>\nkonfektioniert mit 70cm Kabel zum Betrieb an 5VDC, RoHS konform.<\/p>\n","protected":false},"featured_media":175,"template":"","meta":[],"product_brand":[],"product_cat":[15],"product_tag":[],"class_list":{"0":"post-101","1":"product","2":"type-product","3":"status-publish","4":"has-post-thumbnail","6":"product_cat-verschiedenes","8":"first","9":"instock","10":"taxable","11":"shipping-taxable","12":"purchasable","13":"product-type-simple"},"_links":{"self":[{"href":"https:\/\/shop.hethis.de\/index.php\/wp-json\/wp\/v2\/product\/101","targetHints":{"allow":["GET"]}}],"collection":[{"href":"https:\/\/shop.hethis.de\/index.php\/wp-json\/wp\/v2\/product"}],"about":[{"href":"https:\/\/shop.hethis.de\/index.php\/wp-json\/wp\/v2\/types\/product"}],"wp:featuredmedia":[{"embeddable":true,"href":"https:\/\/shop.hethis.de\/index.php\/wp-json\/wp\/v2\/media\/175"}],"wp:attachment":[{"href":"https:\/\/shop.hethis.de\/index.php\/wp-json\/wp\/v2\/media?parent=101"}],"wp:term":[{"taxonomy":"product_brand","embeddable":true,"href":"https:\/\/shop.hethis.de\/index.php\/wp-json\/wp\/v2\/product_brand?post=101"},{"taxonomy":"product_cat","embeddable":true,"href":"https:\/\/shop.hethis.de\/index.php\/wp-json\/wp\/v2\/product_cat?post=101"},{"taxonomy":"product_tag","embeddable":true,"href":"https:\/\/shop.hethis.de\/index.php\/wp-json\/wp\/v2\/product_tag?post=101"}],"curies":[{"name":"wp","href":"https:\/\/api.w.org\/{rel}","templated":true}]}}