{"id":59,"date":"2018-03-01T09:10:53","date_gmt":"2018-03-01T09:10:53","guid":{"rendered":"https:\/\/shop.hethis.de\/index.php\/versandarten\/"},"modified":"2024-08-14T22:51:26","modified_gmt":"2024-08-14T20:51:26","slug":"versandarten","status":"publish","type":"page","link":"https:\/\/shop.hethis.de\/index.php\/versandarten\/","title":{"rendered":"Versandarten"},"content":{"rendered":"<p>Die Standardversandkosten in Deutschland betragen 4,95 EUR. Der Versand erfolgt mit DHL und die Zustellung sollte \u00fcblicherweise zwei bis f\u00fcnf Werktage nach der Bestellung erfolgen.<\/p>\n<p>Die Versandkosten in EU-L\u00e4nder, die Schweiz und Norwegen betragen 11,90 EUR.<\/p>\n<p>Der Versand in andere L\u00e4nder muss individuell gekl\u00e4rt werden &#8211; bitte nutzen Sie das<a href=\"https:\/\/www.hethis.de\/start_de\/kontakt.php\"> Kontaktformular.<\/a><\/p>\n<p>&#8212;<\/p>\n<p>Der Versand erfolgt zumeist unter Nutzung recycelten Verpackungsmaterials &#8211; das schont die Umwelt und spart Kosten.<\/p>\n","protected":false},"excerpt":{"rendered":"<p>Die Standardversandkosten in Deutschland betragen 4,95 EUR. Der Versand erfolgt mit DHL und die Zustellung sollte \u00fcblicherweise zwei bis f\u00fcnf Werktage nach der Bestellung erfolgen. Die Versandkosten in EU-L\u00e4nder, die Schweiz und Norwegen betragen 11,90 EUR. Der Versand in andere L\u00e4nder muss individuell gekl\u00e4rt werden &#8211; bitte nutzen Sie das Kontaktformular. &#8212; Der Versand erfolgt [&hellip;]<\/p>\n","protected":false},"author":1,"featured_media":0,"parent":0,"menu_order":0,"comment_status":"closed","ping_status":"closed","template":"","meta":{"footnotes":""},"class_list":["post-59","page","type-page","status-publish","hentry"],"_links":{"self":[{"href":"https:\/\/shop.hethis.de\/index.php\/wp-json\/wp\/v2\/pages\/59","targetHints":{"allow":["GET"]}}],"collection":[{"href":"https:\/\/shop.hethis.de\/index.php\/wp-json\/wp\/v2\/pages"}],"about":[{"href":"https:\/\/shop.hethis.de\/index.php\/wp-json\/wp\/v2\/types\/page"}],"author":[{"embeddable":true,"href":"https:\/\/shop.hethis.de\/index.php\/wp-json\/wp\/v2\/users\/1"}],"replies":[{"embeddable":true,"href":"https:\/\/shop.hethis.de\/index.php\/wp-json\/wp\/v2\/comments?post=59"}],"version-history":[{"count":6,"href":"https:\/\/shop.hethis.de\/index.php\/wp-json\/wp\/v2\/pages\/59\/revisions"}],"predecessor-version":[{"id":216,"href":"https:\/\/shop.hethis.de\/index.php\/wp-json\/wp\/v2\/pages\/59\/revisions\/216"}],"wp:attachment":[{"href":"https:\/\/shop.hethis.de\/index.php\/wp-json\/wp\/v2\/media?parent=59"}],"curies":[{"name":"wp","href":"https:\/\/api.w.org\/{rel}","templated":true}]}}