{"id":57,"date":"2018-03-01T09:10:53","date_gmt":"2018-03-01T09:10:53","guid":{"rendered":"https:\/\/shop.hethis.de\/index.php\/agb\/"},"modified":"2018-03-09T01:27:16","modified_gmt":"2018-03-09T00:27:16","slug":"agb","status":"publish","type":"page","link":"https:\/\/shop.hethis.de\/index.php\/agb\/","title":{"rendered":"AGB"},"content":{"rendered":"<p>Die allgemeinen Gesch\u00e4ftsbedingungen werden Ihnen mit der Bestellbest\u00e4tigungsemail zugeschickt. Im Anschluss der Wortlaut:<\/p>\n<p>\u00a71 Geltungsbereich<br \/>\n(1) F\u00fcr die Rechtsbeziehunen zwischen dem Betreiber der Webseite hethis.de (nachfolgend: Anbieter) und seinen Kunden gelten f\u00fcr Bestellungen \u00fcber die Webseiten- und Emailangebote unter der Domain hethis.de ausschlie\u00dflich die folgenden allgemeinen Gesch\u00e4ftsbedingungen.<br \/>\n(2) Gewerbliche Kunden und Privatpersonen haben hierbei grunds\u00e4tzlich die gleichen Rechte mit Ausnahme des weiter unten aufgef\u00fchrten 14 t\u00e4gigen Widerrufrechts.<br \/>\n(3) Soweit nichts anderes ausdr\u00fccklich vereinbart ist, werden abweichende Allgemeine Gesch\u00e4ftsbedingungen des Kunden zur\u00fcckgewiesen. <\/p>\n<p>\u00a72 Preise und Zahlungen<br \/>\n(1) Ma\u00dfgeblich sind die am Kauf\/Bestelltag g\u00fcltigen Preise. S\u00e4mtliche Preise verstehen sich incl. gesetzlicher Mehrwertsteuer, zzgl. Verpackungs-, Versand- und Versicherungskosten. Die Kosten f\u00fcr Verpackung, Versand und Versicherung werden gesondert in Rechnung gestellt. Sie erhalten f\u00fcr alle von uns angebotenen Artikel eine Rechnung mit separat ausgewiesener Mehrwertsteuer.<br \/>\n(2) Bei gewerblichen Kunden aus dem EU-Ausland kann bei Angabe ihrer g\u00fcltigen USt.Id. auf die Berechnung der deutschen Mehrwertsteuer verzichtet werden. <\/p>\n<p>\u00a73 Lieferung und Versandkosten<br \/>\n(1) Der inl\u00e4ndische Versand erfolgt mit Deutsche Post DHL, es gelten hierbei die \u00fcblichen Lieferzeiten. Die inl\u00e4ndischen Versandkosten betragen pauschal 4,95 EUR inkl. MwSt.<br \/>\n(2) F\u00fcr den Versand in das EU-Ausland gelten 11,90 EUR inkl. MwSt.. Lieferungen in andere L\u00e4nder obliegen einer individuellen Regelung im Bestellvorgang. <\/p>\n<p>\u00a74 Eigentumsvorbehalt<br \/>\n(1) Die Ware bleibt bis zur vollst\u00e4ndigen Bezahlung des Kaufpreises Eigentum des Verk\u00e4ufers. <\/p>\n<p>\u00a75 Zustandekommen des Vertrages<br \/>\n(1) Die Pr\u00e4sentation der Waren auf den Internetseiten stellt kein bindendes Angebot des Anbieters auf Abschluss eines Kaufvertrages dar. Der Kunde wird hierdurch lediglich aufgefordert, durch eine Bestellung ein Angebot abzugeben.<br \/>\n(2) Der Kauf von Waren kann durch die Nutzung des interkativen Webshops (n\u00e4heres regelt \u00a75 Absatz 3a)oder per Emaibestellung (n\u00e4heres regelt \u00a75 Absatz 3b) gem\u00e4\u00df Preisliste oder individuell ausgehandelter Konditionen erfolgen.<br \/>\n(3a) Einkauf per interaktivem Webshop:<br \/>\nDie zum Kauf beabsichtigen Waren sind im virtuellen Warenkorb abgelegt. \u00dcber die Schaltfl\u00e4che &#8222;Warenkorb&#8220; in der Navigationsleiste k\u00f6nnen Sie den virtuellen Warenkorb aufrufen und dort jederzeit \u00c4nderungen vornehmen. Nach Bet\u00e4tigen der Schaltfl\u00e4che &#8222;Weiter zur Kasse&#8220; oder dem Menupunkt &#8222;Kasse&#8220; werden auf der nachfolgenden Seite nochmals alle Bestelldaten angezeigt. Vor Absenden der Bestellung m\u00fcssen Sie hier einige notwendige Angaben zum K\u00e4ufer und der Versandadresse (z. B. Name, Anschrift, Versand, Zahlart) angeben.<br \/>\nMit Anklicken der Schaltfl\u00e4che &#8222;jetzt kostenpflichtig kaufen&#8220; geben Sie ein verbindliches Angebot beim Verk\u00e4ufer ab. Sie erhalten zun\u00e4chst eine automatische Email \u00fcber den Eingang Ihrer Bestellung, die noch nicht zum Vertragsschluss f\u00fchrt. Die Annahme Ihres Angebots (und damit der Vertragsabschluss) erfolgt durch Zusendung einer gesonderten eMail, in welcher Ihnen die Bearbeitung der Bestellung best\u00e4tigt wird oder durch Zusendung der Ware.<br \/>\n(3b) Einkauf per Emailbestellung:<br \/>\nNach Absenden einer formlosen Bestellung per Email erh\u00e4lt der Kunde eine Bestellbest\u00e4tigungsemail mit der Warenzusammenfassung und verbindlichen Preisen. Erst nach Best\u00e4tigung dieser Email durch den Kunden geht dieser dem Anbieter gegen\u00fcber einen rechtsverbindlichen Kaufvertrag ein. Im gleichen Prozess erkennt der Kunde die allgemeinen Gesch\u00e4ftsbedingungen an.<br \/>\n(4) Sollten Sie binnen 7 Werktagen keine Auftragsbest\u00e4tigung erhalten, sind Sie nicht mehr an Ihre Bestellung gebunden. Gegebenenfalls bereits erbrachte Leistungen werden in diesem Fall unverz\u00fcglich zur\u00fcckerstattet. <\/p>\n<p>\u00a76 Gew\u00e4hrleistung und Garantie<br \/>\n(1) Die Gew\u00e4hrleistungsrechte des Kunden richten sich nach den allgemeinen gesetzlichen Vorschriften, soweit nachfolgend nichts anderes bestimmt ist. Die Verj\u00e4hrungsfrist f\u00fcr Gew\u00e4hrleistungsanspr\u00fcche des Kunden betr\u00e4gt gegen\u00fcber Privatkunden bei neu hergestellten Sachen 2 Jahre. Gegen\u00fcber gewerblichen Kunden betr\u00e4gt die Verj\u00e4hrungsfrist f\u00fcr Gew\u00e4hrleistungsanspr\u00fcche generell 1 Jahr.<br \/>\n(2) Auf die von uns hergestellten Artikel gew\u00e4hren wir eine generelle Grantie auf die einwandfreie Funktion von 24 Monaten. Die genauen Regelungen sind den jeweiligen Produkthandb\u00fcchern zu entnehmen. <\/p>\n<p>\u00a77 Gerichtsstand<br \/>\n(1) Auf die vertraglichen Beziehungen zwischen dem Anbieter und dem Kunden findet das Recht der Bundesrepublik Deutschland Anwendung. Gerichtsstand f\u00fcr alle Streitigkeiten aus dem Vertragsverh\u00e4ltnis zwischen dem Kunden und dem Anbieter ist der Sitz des Anbieters. <\/p>\n<p>\u00a78 Salvatorische Klausel<br \/>\n(1) Sollte eine Bestimmung dieser Allgemeinen Gesch\u00e4ftsbedingungen unwirksam sein, wird davon die Wirksamkeit der \u00fcbrigen Bestimmungen nicht ber\u00fchrt.<br \/>\n<span data-mce-type=\"bookmark\" style=\"display: inline-block; width: 0px; overflow: hidden; line-height: 0;\" class=\"mce_SELRES_start\">\ufeff<\/span><\/p>\n","protected":false},"excerpt":{"rendered":"<p>Die allgemeinen Gesch\u00e4ftsbedingungen werden Ihnen mit der Bestellbest\u00e4tigungsemail zugeschickt. Im Anschluss der Wortlaut: \u00a71 Geltungsbereich (1) F\u00fcr die Rechtsbeziehunen zwischen dem Betreiber der Webseite hethis.de (nachfolgend: Anbieter) und seinen Kunden gelten f\u00fcr Bestellungen \u00fcber die Webseiten- und Emailangebote unter der Domain hethis.de ausschlie\u00dflich die folgenden allgemeinen Gesch\u00e4ftsbedingungen. (2) Gewerbliche Kunden und Privatpersonen haben hierbei grunds\u00e4tzlich [&hellip;]<\/p>\n","protected":false},"author":1,"featured_media":0,"parent":0,"menu_order":0,"comment_status":"closed","ping_status":"closed","template":"","meta":{"footnotes":""},"class_list":["post-57","page","type-page","status-publish","hentry"],"_links":{"self":[{"href":"https:\/\/shop.hethis.de\/index.php\/wp-json\/wp\/v2\/pages\/57","targetHints":{"allow":["GET"]}}],"collection":[{"href":"https:\/\/shop.hethis.de\/index.php\/wp-json\/wp\/v2\/pages"}],"about":[{"href":"https:\/\/shop.hethis.de\/index.php\/wp-json\/wp\/v2\/types\/page"}],"author":[{"embeddable":true,"href":"https:\/\/shop.hethis.de\/index.php\/wp-json\/wp\/v2\/users\/1"}],"replies":[{"embeddable":true,"href":"https:\/\/shop.hethis.de\/index.php\/wp-json\/wp\/v2\/comments?post=57"}],"version-history":[{"count":3,"href":"https:\/\/shop.hethis.de\/index.php\/wp-json\/wp\/v2\/pages\/57\/revisions"}],"predecessor-version":[{"id":124,"href":"https:\/\/shop.hethis.de\/index.php\/wp-json\/wp\/v2\/pages\/57\/revisions\/124"}],"wp:attachment":[{"href":"https:\/\/shop.hethis.de\/index.php\/wp-json\/wp\/v2\/media?parent=57"}],"curies":[{"name":"wp","href":"https:\/\/api.w.org\/{rel}","templated":true}]}}