{"id":56,"date":"2018-03-01T09:10:53","date_gmt":"2018-03-01T09:10:53","guid":{"rendered":"https:\/\/shop.hethis.de\/index.php\/impressum\/"},"modified":"2018-03-05T08:55:54","modified_gmt":"2018-03-05T08:55:54","slug":"impressum","status":"publish","type":"page","link":"https:\/\/shop.hethis.de\/index.php\/impressum\/","title":{"rendered":"Impressum"},"content":{"rendered":"<p>Webmaster und verantwortlich f\u00fcr alle Inhalte auf dieser Seite gem\u00e4\u00df \u00a75 TMG und \u00a755 Abs. 2 RStV: <\/p>\n<p>Dr. Ulrich Beckers<br \/>\nAngenetestra\u00dfe 44<br \/>\nD-33332 G\u00fctersloh<br \/>\nTelefon: +49 177 5455087 <\/p>\n<p>Mailkontakt: Per <a href=\"https:\/\/www.hethis.de\/start_de\/kontakt.php\">Kontaktformular<\/a> oder E-Mail an info|at|hethis.de <\/p>\n<p>Ust-IdNr.: DE274922972 <\/p>\n<p>WEEE-Reg.-Nr.: DE70624556 (hethis.de) <\/p>\n<div class=\"woocommerce woocommerce-gzd woocommerce-gzd-complaints-shortcode\">\n\t\t\t<h3>Alternative Streitbeilegung gem\u00e4\u00df Art. 14 Abs. 1 ODR-VO und \u00a7 36 VSBG:<\/h3>\n\t\nZur Teilnahme an einem Streitbeilegungsverfahren vor einer Verbraucherschlichtungsstelle sind wir nicht verpflichtet und nicht bereit.<\/div>\n","protected":false},"excerpt":{"rendered":"<p>Webmaster und verantwortlich f\u00fcr alle Inhalte auf dieser Seite gem\u00e4\u00df \u00a75 TMG und \u00a755 Abs. 2 RStV: Dr. Ulrich Beckers Angenetestra\u00dfe 44 D-33332 G\u00fctersloh Telefon: +49 177 5455087 Mailkontakt: Per Kontaktformular oder E-Mail an info|at|hethis.de Ust-IdNr.: DE274922972 WEEE-Reg.-Nr.: DE70624556 (hethis.de)<\/p>\n","protected":false},"author":1,"featured_media":0,"parent":0,"menu_order":0,"comment_status":"closed","ping_status":"closed","template":"","meta":{"footnotes":""},"class_list":["post-56","page","type-page","status-publish","hentry"],"_links":{"self":[{"href":"https:\/\/shop.hethis.de\/index.php\/wp-json\/wp\/v2\/pages\/56","targetHints":{"allow":["GET"]}}],"collection":[{"href":"https:\/\/shop.hethis.de\/index.php\/wp-json\/wp\/v2\/pages"}],"about":[{"href":"https:\/\/shop.hethis.de\/index.php\/wp-json\/wp\/v2\/types\/page"}],"author":[{"embeddable":true,"href":"https:\/\/shop.hethis.de\/index.php\/wp-json\/wp\/v2\/users\/1"}],"replies":[{"embeddable":true,"href":"https:\/\/shop.hethis.de\/index.php\/wp-json\/wp\/v2\/comments?post=56"}],"version-history":[{"count":2,"href":"https:\/\/shop.hethis.de\/index.php\/wp-json\/wp\/v2\/pages\/56\/revisions"}],"predecessor-version":[{"id":73,"href":"https:\/\/shop.hethis.de\/index.php\/wp-json\/wp\/v2\/pages\/56\/revisions\/73"}],"wp:attachment":[{"href":"https:\/\/shop.hethis.de\/index.php\/wp-json\/wp\/v2\/media?parent=56"}],"curies":[{"name":"wp","href":"https:\/\/api.w.org\/{rel}","templated":true}]}}